{"id":79,"date":"2023-12-12T14:04:20","date_gmt":"2023-12-12T19:04:20","guid":{"rendered":"https:\/\/site06.arn1103.uqat.ca\/?page_id=79"},"modified":"2023-12-13T14:17:28","modified_gmt":"2023-12-13T19:17:28","slug":"reserver","status":"publish","type":"page","link":"https:\/\/site06.arn1103.uqat.ca\/index.php\/reserver\/","title":{"rendered":"R\u00e9server"},"content":{"rendered":"<style>.kb-row-layout-id79_d5a83a-5b > .kt-row-column-wrap{align-content:start;}:where(.kb-row-layout-id79_d5a83a-5b > .kt-row-column-wrap) > .wp-block-kadence-column{justify-content:start;}.kb-row-layout-id79_d5a83a-5b > .kt-row-column-wrap{column-gap:var(--global-kb-gap-lg, 4rem);row-gap:var(--global-kb-gap-md, 2rem);max-width:var( --global-content-width, 1290px );padding-left:var(--global-content-edge-padding);padding-right:var(--global-content-edge-padding);padding-top:var(--global-kb-spacing-3xl, 6.5rem);padding-bottom:var(--global-kb-spacing-3xl, 6.5rem);grid-template-columns:minmax(0, 1fr);}.kb-row-layout-id79_d5a83a-5b > .kt-row-layout-overlay{opacity:0.30;}@media all and (max-width: 1024px){.kb-row-layout-id79_d5a83a-5b > .kt-row-column-wrap{grid-template-columns:minmax(0, 1fr);}}@media all and (max-width: 767px){.kb-row-layout-id79_d5a83a-5b > .kt-row-column-wrap{grid-template-columns:minmax(0, 1fr);}}<\/style><div class=\"kb-row-layout-wrap kb-row-layout-id79_d5a83a-5b alignfull has-theme-palette9-background-color kt-row-has-bg wp-block-kadence-rowlayout\"><div class=\"kt-row-column-wrap kt-has-2-columns kt-row-layout-row kt-tab-layout-inherit kt-mobile-layout-row kt-row-valign-top kb-theme-content-width\">\n<style>.kadence-column79_6b2eda-28 > .kt-inside-inner-col,.kadence-column79_6b2eda-28 > .kt-inside-inner-col:before{border-top-left-radius:0px;border-top-right-radius:0px;border-bottom-right-radius:0px;border-bottom-left-radius:0px;}.kadence-column79_6b2eda-28 > .kt-inside-inner-col{column-gap:var(--global-kb-gap-sm, 1rem);}.kadence-column79_6b2eda-28 > .kt-inside-inner-col{flex-direction:column;}.kadence-column79_6b2eda-28 > .kt-inside-inner-col > .aligncenter{width:100%;}.kadence-column79_6b2eda-28 > .kt-inside-inner-col:before{opacity:0.3;}.kadence-column79_6b2eda-28{position:relative;}@media all and (max-width: 1024px){.kadence-column79_6b2eda-28 > .kt-inside-inner-col{flex-direction:column;justify-content:center;}}@media all and (max-width: 767px){.kadence-column79_6b2eda-28 > .kt-inside-inner-col{flex-direction:column;justify-content:center;}}<\/style>\n<div class=\"wp-block-kadence-column kadence-column79_6b2eda-28\"><div class=\"kt-inside-inner-col\">\n<h2 class=\"wp-block-heading\">Exp\u00e9riences<\/h2>\n<\/div><\/div>\n\n\n<style>.kadence-column79_c4f9bc-a9 > .kt-inside-inner-col{padding-top:0px;}.kadence-column79_c4f9bc-a9 > .kt-inside-inner-col{box-shadow:0px 9px 14px 0px rgba(0, 0, 0, 0.2);}.kadence-column79_c4f9bc-a9 > .kt-inside-inner-col,.kadence-column79_c4f9bc-a9 > .kt-inside-inner-col:before{border-top-left-radius:0px;border-top-right-radius:0px;border-bottom-right-radius:0px;border-bottom-left-radius:0px;}.kadence-column79_c4f9bc-a9 > .kt-inside-inner-col{column-gap:var(--global-kb-gap-sm, 1rem);}.kadence-column79_c4f9bc-a9 > .kt-inside-inner-col{flex-direction:column;}.kadence-column79_c4f9bc-a9 > .kt-inside-inner-col > .aligncenter{width:100%;}.kadence-column79_c4f9bc-a9 > .kt-inside-inner-col{background-color:var(--global-palette7, #EDF2F7);}.kadence-column79_c4f9bc-a9 > .kt-inside-inner-col:before{opacity:0.3;}.kadence-column79_c4f9bc-a9{text-align:left;}.kadence-column79_c4f9bc-a9{position:relative;}@media all and (max-width: 1024px){.kadence-column79_c4f9bc-a9 > .kt-inside-inner-col{flex-direction:column;justify-content:center;}}@media all and (max-width: 767px){.kadence-column79_c4f9bc-a9 > .kt-inside-inner-col{flex-direction:column;justify-content:center;}}<\/style>\n<div class=\"wp-block-kadence-column kadence-column79_c4f9bc-a9\"><div class=\"kt-inside-inner-col\">\n<div class=\"wp-block-columns is-layout-flex wp-container-core-columns-is-layout-9d6595d7 wp-block-columns-is-layout-flex\">\n<div class=\"wp-block-column is-layout-flow wp-block-column-is-layout-flow\" style=\"flex-basis:33.33%\">\n<figure class=\"wp-block-image size-full is-resized is-style-default\"><img loading=\"lazy\" decoding=\"async\" width=\"957\" height=\"641\" src=\"https:\/\/site06.arn1103.uqat.ca\/wp-content\/uploads\/2023\/12\/Excurtion-jour.png\" alt=\"\" class=\"wp-image-100\" style=\"width:368px;height:auto\" srcset=\"https:\/\/site06.arn1103.uqat.ca\/wp-content\/uploads\/2023\/12\/Excurtion-jour.png 957w, https:\/\/site06.arn1103.uqat.ca\/wp-content\/uploads\/2023\/12\/Excurtion-jour-300x201.png 300w, https:\/\/site06.arn1103.uqat.ca\/wp-content\/uploads\/2023\/12\/Excurtion-jour-768x514.png 768w\" sizes=\"auto, (max-width: 957px) 100vw, 957px\" \/><\/figure>\n<\/div>\n\n\n\n<div class=\"wp-block-column is-layout-flow wp-block-column-is-layout-flow\" style=\"flex-basis:66.66%\">\n<h2 class=\"wp-block-heading\">Excursion de Jour<\/h2>\n\n\n\n<p><strong>\u00c0 partir de 45,00$  <\/strong>                                                                                                                  Aventure de jour, Niveau facile. Trajet avec un guide et vestes de sauvetage incluse. <\/p>\n<\/div>\n<\/div>\n\n\n<style>.kadence-column79_d46e35-4a > .kt-inside-inner-col{padding-top:0px;}.kadence-column79_d46e35-4a > .kt-inside-inner-col,.kadence-column79_d46e35-4a > .kt-inside-inner-col:before{border-top-left-radius:0px;border-top-right-radius:0px;border-bottom-right-radius:0px;border-bottom-left-radius:0px;}.kadence-column79_d46e35-4a > .kt-inside-inner-col{column-gap:var(--global-kb-gap-sm, 1rem);}.kadence-column79_d46e35-4a > .kt-inside-inner-col{flex-direction:column;}.kadence-column79_d46e35-4a > .kt-inside-inner-col > .aligncenter{width:100%;}.kadence-column79_d46e35-4a > .kt-inside-inner-col{background-color:var(--global-palette7, #EDF2F7);}.kadence-column79_d46e35-4a > .kt-inside-inner-col:before{opacity:0.3;}.kadence-column79_d46e35-4a{position:relative;}@media all and (max-width: 1024px){.kadence-column79_d46e35-4a > .kt-inside-inner-col{flex-direction:column;justify-content:center;}}@media all and (max-width: 767px){.kadence-column79_d46e35-4a > .kt-inside-inner-col{flex-direction:column;justify-content:center;}}<\/style>\n<div class=\"wp-block-kadence-column kadence-column79_d46e35-4a\"><div class=\"kt-inside-inner-col\">\n<div class=\"wp-block-columns is-layout-flex wp-container-core-columns-is-layout-9d6595d7 wp-block-columns-is-layout-flex\">\n<div class=\"wp-block-column is-layout-flow wp-block-column-is-layout-flow\" style=\"flex-basis:33.33%\">\n<figure class=\"wp-block-image size-full is-resized is-style-default\"><img loading=\"lazy\" decoding=\"async\" width=\"957\" height=\"642\" src=\"https:\/\/site06.arn1103.uqat.ca\/wp-content\/uploads\/2023\/12\/Excurtion-crepuscule.png\" alt=\"\" class=\"wp-image-99\" style=\"width:368px;height:auto\" srcset=\"https:\/\/site06.arn1103.uqat.ca\/wp-content\/uploads\/2023\/12\/Excurtion-crepuscule.png 957w, https:\/\/site06.arn1103.uqat.ca\/wp-content\/uploads\/2023\/12\/Excurtion-crepuscule-300x201.png 300w, https:\/\/site06.arn1103.uqat.ca\/wp-content\/uploads\/2023\/12\/Excurtion-crepuscule-768x515.png 768w\" sizes=\"auto, (max-width: 957px) 100vw, 957px\" \/><\/figure>\n<\/div>\n\n\n\n<div class=\"wp-block-column is-layout-flow wp-block-column-is-layout-flow\" style=\"flex-basis:66.66%\">\n<h2 class=\"wp-block-heading\">Excursion au Cr\u00e9puscule<\/h2>\n\n\n\n<p><strong>\u00c0 partir de 50,00$  <\/strong>                                                                                                                        Une aventure sous les plus beaux couchers de soleil! Trajet avec un guide et vestes de sauvetage incluse. <\/p>\n<\/div>\n<\/div>\n<\/div><\/div>\n\n\n<style>.kadence-column79_ca90b8-f3 > .kt-inside-inner-col{padding-top:0px;}.kadence-column79_ca90b8-f3 > .kt-inside-inner-col,.kadence-column79_ca90b8-f3 > .kt-inside-inner-col:before{border-top-left-radius:0px;border-top-right-radius:0px;border-bottom-right-radius:0px;border-bottom-left-radius:0px;}.kadence-column79_ca90b8-f3 > .kt-inside-inner-col{column-gap:var(--global-kb-gap-sm, 1rem);}.kadence-column79_ca90b8-f3 > .kt-inside-inner-col{flex-direction:column;}.kadence-column79_ca90b8-f3 > .kt-inside-inner-col > .aligncenter{width:100%;}.kadence-column79_ca90b8-f3 > .kt-inside-inner-col{background-color:var(--global-palette7, #EDF2F7);}.kadence-column79_ca90b8-f3 > .kt-inside-inner-col:before{opacity:0.3;}.kadence-column79_ca90b8-f3{position:relative;}@media all and (max-width: 1024px){.kadence-column79_ca90b8-f3 > .kt-inside-inner-col{flex-direction:column;justify-content:center;}}@media all and (max-width: 767px){.kadence-column79_ca90b8-f3 > .kt-inside-inner-col{flex-direction:column;justify-content:center;}}<\/style>\n<div class=\"wp-block-kadence-column kadence-column79_ca90b8-f3\"><div class=\"kt-inside-inner-col\">\n<div class=\"wp-block-columns is-layout-flex wp-container-core-columns-is-layout-9d6595d7 wp-block-columns-is-layout-flex\">\n<div class=\"wp-block-column is-layout-flow wp-block-column-is-layout-flow\" style=\"flex-basis:33.33%\">\n<figure class=\"wp-block-image size-full is-resized is-style-default\"><img loading=\"lazy\" decoding=\"async\" width=\"896\" height=\"597\" src=\"https:\/\/site06.arn1103.uqat.ca\/wp-content\/uploads\/2023\/12\/Escurtion-nuit-edited.png\" alt=\"\" class=\"wp-image-158\" style=\"width:368px;height:auto\" srcset=\"https:\/\/site06.arn1103.uqat.ca\/wp-content\/uploads\/2023\/12\/Escurtion-nuit-edited.png 896w, https:\/\/site06.arn1103.uqat.ca\/wp-content\/uploads\/2023\/12\/Escurtion-nuit-edited-300x200.png 300w, https:\/\/site06.arn1103.uqat.ca\/wp-content\/uploads\/2023\/12\/Escurtion-nuit-edited-768x512.png 768w\" sizes=\"auto, (max-width: 896px) 100vw, 896px\" \/><\/figure>\n<\/div>\n\n\n\n<div class=\"wp-block-column is-layout-flow wp-block-column-is-layout-flow\" style=\"flex-basis:66.66%\">\n<h2 class=\"wp-block-heading\">Excursion de Nuit<\/h2>\n\n\n\n<p><strong>\u00c0 partir de 50,00$  <\/strong>                                                                                                                        Une aventure sous la lumi\u00e8re de l&rsquo;astre de la nuit! Trajet avec un guide et vestes de sauvetage incluse. <\/p>\n<\/div>\n<\/div>\n\n\n<style>.kadence-column79_047860-47 > .kt-inside-inner-col{padding-top:0px;}.kadence-column79_047860-47 > .kt-inside-inner-col,.kadence-column79_047860-47 > .kt-inside-inner-col:before{border-top-left-radius:0px;border-top-right-radius:0px;border-bottom-right-radius:0px;border-bottom-left-radius:0px;}.kadence-column79_047860-47 > .kt-inside-inner-col{column-gap:var(--global-kb-gap-sm, 1rem);}.kadence-column79_047860-47 > .kt-inside-inner-col{flex-direction:column;}.kadence-column79_047860-47 > .kt-inside-inner-col > .aligncenter{width:100%;}.kadence-column79_047860-47 > .kt-inside-inner-col{background-color:var(--global-palette7, #EDF2F7);}.kadence-column79_047860-47 > .kt-inside-inner-col:before{opacity:0.3;}.kadence-column79_047860-47{position:relative;}@media all and (max-width: 1024px){.kadence-column79_047860-47 > .kt-inside-inner-col{flex-direction:column;justify-content:center;}}@media all and (max-width: 767px){.kadence-column79_047860-47 > .kt-inside-inner-col{flex-direction:column;justify-content:center;}}<\/style>\n<div class=\"wp-block-kadence-column kadence-column79_047860-47\"><div class=\"kt-inside-inner-col\">\n<div class=\"wp-block-columns is-layout-flex wp-container-core-columns-is-layout-9d6595d7 wp-block-columns-is-layout-flex\">\n<div class=\"wp-block-column is-layout-flow wp-block-column-is-layout-flow\" style=\"flex-basis:33.33%\">\n<figure class=\"wp-block-image size-full is-resized is-style-default\"><img loading=\"lazy\" decoding=\"async\" width=\"830\" height=\"553\" src=\"https:\/\/site06.arn1103.uqat.ca\/wp-content\/uploads\/2023\/12\/Excurtion-hiver-edited.png\" alt=\"\" class=\"wp-image-157\" style=\"width:368px;height:auto\" srcset=\"https:\/\/site06.arn1103.uqat.ca\/wp-content\/uploads\/2023\/12\/Excurtion-hiver-edited.png 830w, https:\/\/site06.arn1103.uqat.ca\/wp-content\/uploads\/2023\/12\/Excurtion-hiver-edited-300x200.png 300w, https:\/\/site06.arn1103.uqat.ca\/wp-content\/uploads\/2023\/12\/Excurtion-hiver-edited-768x512.png 768w\" sizes=\"auto, (max-width: 830px) 100vw, 830px\" \/><\/figure>\n<\/div>\n\n\n\n<div class=\"wp-block-column is-layout-flow wp-block-column-is-layout-flow\" style=\"flex-basis:66.66%\">\n<h2 class=\"wp-block-heading\">Excursion en Hiver<\/h2>\n\n\n\n<p><strong>\u00c0 partir de 55,00$  <\/strong>                                                                                                                             Il est maintenant possible de d\u00e9couvrir ces paysage avec la neige banche et ses eaux gel\u00e9s! Trajet avec un guide et vestes de sauvetage incluse. <\/p>\n<\/div>\n<\/div>\n<\/div><\/div>\n<\/div><\/div>\n<\/div><\/div>\n\n<\/div><\/div>\n\n\n<p><\/p>\n\n\n\n<p><\/p>\n","protected":false},"excerpt":{"rendered":"<p>Exp\u00e9riences Excursion de Jour \u00c0 partir de 45,00$ Aventure de jour, Niveau facile. Trajet avec un guide et vestes de sauvetage incluse. Excursion au Cr\u00e9puscule \u00c0 partir de 50,00$ Une aventure sous les plus beaux couchers de soleil! Trajet avec un guide et vestes de sauvetage incluse. Excursion de Nuit \u00c0 partir de 50,00$ Une&#8230;<\/p>\n","protected":false},"author":1,"featured_media":0,"parent":0,"menu_order":0,"comment_status":"closed","ping_status":"closed","template":"","meta":{"_kad_post_transparent":"","_kad_post_title":"hide","_kad_post_layout":"default","_kad_post_sidebar_id":"","_kad_post_content_style":"default","_kad_post_vertical_padding":"","_kad_post_feature":"","_kad_post_feature_position":"","_kad_post_header":false,"_kad_post_footer":false,"_kad_post_classname":"","footnotes":""},"class_list":["post-79","page","type-page","status-publish","hentry"],"yoast_head":"<!-- This site is optimized with the Yoast SEO plugin v27.6 - https:\/\/yoast.com\/product\/yoast-seo-wordpress\/ -->\n<title>R\u00e9server - Odyss\u00e9e<\/title>\n<meta name=\"robots\" content=\"index, follow, max-snippet:-1, max-image-preview:large, max-video-preview:-1\" \/>\n<link rel=\"canonical\" href=\"https:\/\/site06.arn1103.uqat.ca\/index.php\/reserver\/\" \/>\n<meta property=\"og:locale\" content=\"fr_CA\" \/>\n<meta property=\"og:type\" content=\"article\" \/>\n<meta property=\"og:title\" content=\"R\u00e9server - Odyss\u00e9e\" \/>\n<meta property=\"og:description\" content=\"Exp\u00e9riences Excursion de Jour \u00c0 partir de 45,00$ Aventure de jour, Niveau facile. Trajet avec un guide et vestes de sauvetage incluse. Excursion au Cr\u00e9puscule \u00c0 partir de 50,00$ Une aventure sous les plus beaux couchers de soleil! Trajet avec un guide et vestes de sauvetage incluse. Excursion de Nuit \u00c0 partir de 50,00$ Une...\" \/>\n<meta property=\"og:url\" content=\"https:\/\/site06.arn1103.uqat.ca\/index.php\/reserver\/\" \/>\n<meta property=\"og:site_name\" content=\"Odyss\u00e9e\" \/>\n<meta property=\"article:modified_time\" content=\"2023-12-13T19:17:28+00:00\" \/>\n<meta property=\"og:image\" content=\"https:\/\/site06.arn1103.uqat.ca\/wp-content\/uploads\/2023\/12\/Excurtion-jour.png\" \/>\n<meta name=\"twitter:card\" content=\"summary_large_image\" \/>\n<meta name=\"twitter:label1\" content=\"Estimation du temps de lecture\" \/>\n\t<meta name=\"twitter:data1\" content=\"2 minutes\" \/>\n<script type=\"application\/ld+json\" class=\"yoast-schema-graph\">{\"@context\":\"https:\\\/\\\/schema.org\",\"@graph\":[{\"@type\":\"WebPage\",\"@id\":\"https:\\\/\\\/site06.arn1103.uqat.ca\\\/index.php\\\/reserver\\\/\",\"url\":\"https:\\\/\\\/site06.arn1103.uqat.ca\\\/index.php\\\/reserver\\\/\",\"name\":\"R\u00e9server - Odyss\u00e9e\",\"isPartOf\":{\"@id\":\"https:\\\/\\\/site06.arn1103.uqat.ca\\\/#website\"},\"primaryImageOfPage\":{\"@id\":\"https:\\\/\\\/site06.arn1103.uqat.ca\\\/index.php\\\/reserver\\\/#primaryimage\"},\"image\":{\"@id\":\"https:\\\/\\\/site06.arn1103.uqat.ca\\\/index.php\\\/reserver\\\/#primaryimage\"},\"thumbnailUrl\":\"https:\\\/\\\/site06.arn1103.uqat.ca\\\/wp-content\\\/uploads\\\/2023\\\/12\\\/Excurtion-jour.png\",\"datePublished\":\"2023-12-12T19:04:20+00:00\",\"dateModified\":\"2023-12-13T19:17:28+00:00\",\"breadcrumb\":{\"@id\":\"https:\\\/\\\/site06.arn1103.uqat.ca\\\/index.php\\\/reserver\\\/#breadcrumb\"},\"inLanguage\":\"fr-CA\",\"potentialAction\":[{\"@type\":\"ReadAction\",\"target\":[\"https:\\\/\\\/site06.arn1103.uqat.ca\\\/index.php\\\/reserver\\\/\"]}]},{\"@type\":\"ImageObject\",\"inLanguage\":\"fr-CA\",\"@id\":\"https:\\\/\\\/site06.arn1103.uqat.ca\\\/index.php\\\/reserver\\\/#primaryimage\",\"url\":\"https:\\\/\\\/site06.arn1103.uqat.ca\\\/wp-content\\\/uploads\\\/2023\\\/12\\\/Excurtion-jour.png\",\"contentUrl\":\"https:\\\/\\\/site06.arn1103.uqat.ca\\\/wp-content\\\/uploads\\\/2023\\\/12\\\/Excurtion-jour.png\",\"width\":957,\"height\":641},{\"@type\":\"BreadcrumbList\",\"@id\":\"https:\\\/\\\/site06.arn1103.uqat.ca\\\/index.php\\\/reserver\\\/#breadcrumb\",\"itemListElement\":[{\"@type\":\"ListItem\",\"position\":1,\"name\":\"Accueil\",\"item\":\"https:\\\/\\\/site06.arn1103.uqat.ca\\\/\"},{\"@type\":\"ListItem\",\"position\":2,\"name\":\"R\u00e9server\"}]},{\"@type\":\"WebSite\",\"@id\":\"https:\\\/\\\/site06.arn1103.uqat.ca\\\/#website\",\"url\":\"https:\\\/\\\/site06.arn1103.uqat.ca\\\/\",\"name\":\"Odyss\u00e9e\",\"description\":\"\",\"publisher\":{\"@id\":\"https:\\\/\\\/site06.arn1103.uqat.ca\\\/#organization\"},\"potentialAction\":[{\"@type\":\"SearchAction\",\"target\":{\"@type\":\"EntryPoint\",\"urlTemplate\":\"https:\\\/\\\/site06.arn1103.uqat.ca\\\/?s={search_term_string}\"},\"query-input\":{\"@type\":\"PropertyValueSpecification\",\"valueRequired\":true,\"valueName\":\"search_term_string\"}}],\"inLanguage\":\"fr-CA\"},{\"@type\":\"Organization\",\"@id\":\"https:\\\/\\\/site06.arn1103.uqat.ca\\\/#organization\",\"name\":\"Odyss\u00e9e\",\"url\":\"https:\\\/\\\/site06.arn1103.uqat.ca\\\/\",\"logo\":{\"@type\":\"ImageObject\",\"inLanguage\":\"fr-CA\",\"@id\":\"https:\\\/\\\/site06.arn1103.uqat.ca\\\/#\\\/schema\\\/logo\\\/image\\\/\",\"url\":\"https:\\\/\\\/site06.arn1103.uqat.ca\\\/wp-content\\\/uploads\\\/2023\\\/12\\\/cropped-Logo-Odyssee.png\",\"contentUrl\":\"https:\\\/\\\/site06.arn1103.uqat.ca\\\/wp-content\\\/uploads\\\/2023\\\/12\\\/cropped-Logo-Odyssee.png\",\"width\":2400,\"height\":2400,\"caption\":\"Odyss\u00e9e\"},\"image\":{\"@id\":\"https:\\\/\\\/site06.arn1103.uqat.ca\\\/#\\\/schema\\\/logo\\\/image\\\/\"}}]}<\/script>\n<!-- \/ Yoast SEO plugin. -->","yoast_head_json":{"title":"R\u00e9server - Odyss\u00e9e","robots":{"index":"index","follow":"follow","max-snippet":"max-snippet:-1","max-image-preview":"max-image-preview:large","max-video-preview":"max-video-preview:-1"},"canonical":"https:\/\/site06.arn1103.uqat.ca\/index.php\/reserver\/","og_locale":"fr_CA","og_type":"article","og_title":"R\u00e9server - Odyss\u00e9e","og_description":"Exp\u00e9riences Excursion de Jour \u00c0 partir de 45,00$ Aventure de jour, Niveau facile. Trajet avec un guide et vestes de sauvetage incluse. Excursion au Cr\u00e9puscule \u00c0 partir de 50,00$ Une aventure sous les plus beaux couchers de soleil! Trajet avec un guide et vestes de sauvetage incluse. Excursion de Nuit \u00c0 partir de 50,00$ Une...","og_url":"https:\/\/site06.arn1103.uqat.ca\/index.php\/reserver\/","og_site_name":"Odyss\u00e9e","article_modified_time":"2023-12-13T19:17:28+00:00","og_image":[{"url":"https:\/\/site06.arn1103.uqat.ca\/wp-content\/uploads\/2023\/12\/Excurtion-jour.png","type":"","width":"","height":""}],"twitter_card":"summary_large_image","twitter_misc":{"Estimation du temps de lecture":"2 minutes"},"schema":{"@context":"https:\/\/schema.org","@graph":[{"@type":"WebPage","@id":"https:\/\/site06.arn1103.uqat.ca\/index.php\/reserver\/","url":"https:\/\/site06.arn1103.uqat.ca\/index.php\/reserver\/","name":"R\u00e9server - Odyss\u00e9e","isPartOf":{"@id":"https:\/\/site06.arn1103.uqat.ca\/#website"},"primaryImageOfPage":{"@id":"https:\/\/site06.arn1103.uqat.ca\/index.php\/reserver\/#primaryimage"},"image":{"@id":"https:\/\/site06.arn1103.uqat.ca\/index.php\/reserver\/#primaryimage"},"thumbnailUrl":"https:\/\/site06.arn1103.uqat.ca\/wp-content\/uploads\/2023\/12\/Excurtion-jour.png","datePublished":"2023-12-12T19:04:20+00:00","dateModified":"2023-12-13T19:17:28+00:00","breadcrumb":{"@id":"https:\/\/site06.arn1103.uqat.ca\/index.php\/reserver\/#breadcrumb"},"inLanguage":"fr-CA","potentialAction":[{"@type":"ReadAction","target":["https:\/\/site06.arn1103.uqat.ca\/index.php\/reserver\/"]}]},{"@type":"ImageObject","inLanguage":"fr-CA","@id":"https:\/\/site06.arn1103.uqat.ca\/index.php\/reserver\/#primaryimage","url":"https:\/\/site06.arn1103.uqat.ca\/wp-content\/uploads\/2023\/12\/Excurtion-jour.png","contentUrl":"https:\/\/site06.arn1103.uqat.ca\/wp-content\/uploads\/2023\/12\/Excurtion-jour.png","width":957,"height":641},{"@type":"BreadcrumbList","@id":"https:\/\/site06.arn1103.uqat.ca\/index.php\/reserver\/#breadcrumb","itemListElement":[{"@type":"ListItem","position":1,"name":"Accueil","item":"https:\/\/site06.arn1103.uqat.ca\/"},{"@type":"ListItem","position":2,"name":"R\u00e9server"}]},{"@type":"WebSite","@id":"https:\/\/site06.arn1103.uqat.ca\/#website","url":"https:\/\/site06.arn1103.uqat.ca\/","name":"Odyss\u00e9e","description":"","publisher":{"@id":"https:\/\/site06.arn1103.uqat.ca\/#organization"},"potentialAction":[{"@type":"SearchAction","target":{"@type":"EntryPoint","urlTemplate":"https:\/\/site06.arn1103.uqat.ca\/?s={search_term_string}"},"query-input":{"@type":"PropertyValueSpecification","valueRequired":true,"valueName":"search_term_string"}}],"inLanguage":"fr-CA"},{"@type":"Organization","@id":"https:\/\/site06.arn1103.uqat.ca\/#organization","name":"Odyss\u00e9e","url":"https:\/\/site06.arn1103.uqat.ca\/","logo":{"@type":"ImageObject","inLanguage":"fr-CA","@id":"https:\/\/site06.arn1103.uqat.ca\/#\/schema\/logo\/image\/","url":"https:\/\/site06.arn1103.uqat.ca\/wp-content\/uploads\/2023\/12\/cropped-Logo-Odyssee.png","contentUrl":"https:\/\/site06.arn1103.uqat.ca\/wp-content\/uploads\/2023\/12\/cropped-Logo-Odyssee.png","width":2400,"height":2400,"caption":"Odyss\u00e9e"},"image":{"@id":"https:\/\/site06.arn1103.uqat.ca\/#\/schema\/logo\/image\/"}}]}},"_links":{"self":[{"href":"https:\/\/site06.arn1103.uqat.ca\/index.php\/wp-json\/wp\/v2\/pages\/79","targetHints":{"allow":["GET"]}}],"collection":[{"href":"https:\/\/site06.arn1103.uqat.ca\/index.php\/wp-json\/wp\/v2\/pages"}],"about":[{"href":"https:\/\/site06.arn1103.uqat.ca\/index.php\/wp-json\/wp\/v2\/types\/page"}],"author":[{"embeddable":true,"href":"https:\/\/site06.arn1103.uqat.ca\/index.php\/wp-json\/wp\/v2\/users\/1"}],"replies":[{"embeddable":true,"href":"https:\/\/site06.arn1103.uqat.ca\/index.php\/wp-json\/wp\/v2\/comments?post=79"}],"version-history":[{"count":29,"href":"https:\/\/site06.arn1103.uqat.ca\/index.php\/wp-json\/wp\/v2\/pages\/79\/revisions"}],"predecessor-version":[{"id":163,"href":"https:\/\/site06.arn1103.uqat.ca\/index.php\/wp-json\/wp\/v2\/pages\/79\/revisions\/163"}],"wp:attachment":[{"href":"https:\/\/site06.arn1103.uqat.ca\/index.php\/wp-json\/wp\/v2\/media?parent=79"}],"curies":[{"name":"wp","href":"https:\/\/api.w.org\/{rel}","templated":true}]}}