{"id":47,"date":"2023-12-11T11:35:34","date_gmt":"2023-12-11T16:35:34","guid":{"rendered":"https:\/\/site06.arn1103.uqat.ca\/?page_id=47"},"modified":"2023-12-13T14:53:00","modified_gmt":"2023-12-13T19:53:00","slug":"contacte","status":"publish","type":"page","link":"https:\/\/site06.arn1103.uqat.ca\/index.php\/contacte\/","title":{"rendered":"Contact"},"content":{"rendered":"<style>.wp-block-kadence-advancedheading.kt-adv-heading47_97e2bd-ed, .wp-block-kadence-advancedheading.kt-adv-heading47_97e2bd-ed[data-kb-block=\"kb-adv-heading47_97e2bd-ed\"]{margin-top:0px;text-align:center;font-size:var(--global-kb-font-size-xl, 3rem);line-height:1.2;font-style:normal;}.wp-block-kadence-advancedheading.kt-adv-heading47_97e2bd-ed mark.kt-highlight, .wp-block-kadence-advancedheading.kt-adv-heading47_97e2bd-ed[data-kb-block=\"kb-adv-heading47_97e2bd-ed\"] mark.kt-highlight{font-style:normal;color:#f76a0c;-webkit-box-decoration-break:clone;box-decoration-break:clone;padding-top:0px;padding-right:0px;padding-bottom:0px;padding-left:0px;}.wp-block-kadence-advancedheading.kt-adv-heading47_97e2bd-ed img.kb-inline-image, .wp-block-kadence-advancedheading.kt-adv-heading47_97e2bd-ed[data-kb-block=\"kb-adv-heading47_97e2bd-ed\"] img.kb-inline-image{width:150px;vertical-align:baseline;}@media all and (max-width: 1024px){.wp-block-kadence-advancedheading.kt-adv-heading47_97e2bd-ed, .wp-block-kadence-advancedheading.kt-adv-heading47_97e2bd-ed[data-kb-block=\"kb-adv-heading47_97e2bd-ed\"]{text-align:center!important;}}<\/style>\n<h1 class=\"kt-adv-heading47_97e2bd-ed wp-block-kadence-advancedheading has-theme-palette-3-color has-text-color has-theme-palette-8-background-color has-background\" data-kb-block=\"kb-adv-heading47_97e2bd-ed\">Nous Joindre<\/h1>\n\n\n<style>.kb-row-layout-id47_b83e6f-0e > .kt-row-column-wrap{align-content:start;}:where(.kb-row-layout-id47_b83e6f-0e > .kt-row-column-wrap) > .wp-block-kadence-column{justify-content:start;}.kb-row-layout-id47_b83e6f-0e > .kt-row-column-wrap{column-gap:var(--global-kb-gap-lg, 4rem);row-gap:var(--global-kb-gap-md, 2rem);max-width:var( --global-content-width, 1290px );padding-left:var(--global-content-edge-padding);padding-right:var(--global-content-edge-padding);padding-top:var(--global-kb-spacing-xxl, 5rem);padding-bottom:var(--global-kb-spacing-xxl, 5rem);grid-template-columns:minmax(0, 1fr);}.kb-row-layout-id47_b83e6f-0e > .kt-row-layout-overlay{opacity:0.30;}@media all and (max-width: 1024px){.kb-row-layout-id47_b83e6f-0e > .kt-row-column-wrap{row-gap:var(--global-kb-gap-sm, 1rem);grid-template-columns:minmax(0, 1fr);}}@media all and (max-width: 767px){.kb-row-layout-id47_b83e6f-0e > .kt-row-column-wrap{row-gap:var(--global-kb-gap-sm, 1rem);grid-template-columns:minmax(0, 1fr);}}<\/style><div class=\"kb-row-layout-wrap kb-row-layout-id47_b83e6f-0e alignfull has-theme-palette8-background-color kt-row-has-bg wp-block-kadence-rowlayout\"><div class=\"kt-row-column-wrap kt-has-1-columns kt-row-layout-equal kt-tab-layout-inherit kt-mobile-layout-row kt-row-valign-top kb-theme-content-width\">\n<style>.kadence-column47_bc7613-72 > .kt-inside-inner-col,.kadence-column47_bc7613-72 > .kt-inside-inner-col:before{border-top-left-radius:0px;border-top-right-radius:0px;border-bottom-right-radius:0px;border-bottom-left-radius:0px;}.kadence-column47_bc7613-72 > .kt-inside-inner-col{column-gap:var(--global-kb-gap-sm, 1rem);}.kadence-column47_bc7613-72 > .kt-inside-inner-col{flex-direction:column;}.kadence-column47_bc7613-72 > .kt-inside-inner-col > .aligncenter{width:100%;}.kadence-column47_bc7613-72 > .kt-inside-inner-col:before{opacity:0.3;}.kadence-column47_bc7613-72{position:relative;}@media all and (max-width: 1024px){.kadence-column47_bc7613-72 > .kt-inside-inner-col{flex-direction:column;justify-content:center;}}@media all and (max-width: 767px){.kadence-column47_bc7613-72 > .kt-inside-inner-col{flex-direction:column;justify-content:center;}}<\/style>\n<div class=\"wp-block-kadence-column kadence-column47_bc7613-72 inner-column-1\"><div class=\"kt-inside-inner-col\"><style>.kb-row-layout-id47_fce170-93 > .kt-row-column-wrap{align-content:start;}:where(.kb-row-layout-id47_fce170-93 > .kt-row-column-wrap) > .wp-block-kadence-column{justify-content:start;}.kb-row-layout-id47_fce170-93 > .kt-row-column-wrap{column-gap:var(--global-kb-gap-md, 2rem);row-gap:var(--global-kb-gap-md, 2rem);padding-top:0px;padding-right:0px;padding-bottom:0px;padding-left:0px;grid-template-columns:minmax(0, 2fr) minmax(0, 1fr);}.kb-row-layout-id47_fce170-93 > .kt-row-layout-overlay{opacity:0.30;}@media all and (max-width: 1024px){.kb-row-layout-id47_fce170-93 > .kt-row-column-wrap{grid-template-columns:minmax(0, 1fr);}}@media all and (max-width: 767px){.kb-row-layout-id47_fce170-93 > .kt-row-column-wrap{grid-template-columns:minmax(0, 1fr);}}<\/style><div class=\"kb-row-layout-wrap kb-row-layout-id47_fce170-93 alignnone wp-block-kadence-rowlayout\"><div class=\"kt-row-column-wrap kt-has-2-columns kt-row-layout-left-golden kt-tab-layout-row kt-mobile-layout-row kt-row-valign-top\">\n<style>.kadence-column47_0a3691-d5 > .kt-inside-inner-col,.kadence-column47_0a3691-d5 > .kt-inside-inner-col:before{border-top-left-radius:0px;border-top-right-radius:0px;border-bottom-right-radius:0px;border-bottom-left-radius:0px;}.kadence-column47_0a3691-d5 > .kt-inside-inner-col{column-gap:var(--global-kb-gap-sm, 1rem);}.kadence-column47_0a3691-d5 > .kt-inside-inner-col{flex-direction:column;}.kadence-column47_0a3691-d5 > .kt-inside-inner-col > .aligncenter{width:100%;}.kadence-column47_0a3691-d5 > .kt-inside-inner-col:before{opacity:0.3;}.kadence-column47_0a3691-d5{position:relative;}@media all and (max-width: 1024px){.kadence-column47_0a3691-d5 > .kt-inside-inner-col{flex-direction:column;justify-content:center;}}@media all and (max-width: 767px){.kadence-column47_0a3691-d5 > .kt-inside-inner-col{flex-direction:column;justify-content:center;}}<\/style>\n<div class=\"wp-block-kadence-column kadence-column47_0a3691-d5\"><div class=\"kt-inside-inner-col\"><style>.kb-google-maps-container47_cdbcbf-b6{height:450px;}<\/style><div class=\"kb-google-maps-container kb-google-maps-container47_cdbcbf-b6  wp-block-kadence-googlemaps\" data-mapid=\"47_cdbcbfb6\"><iframe width=\"100%\" height=\"100%\"\n\t\t\t\t\t\t\tstyle=\"border:0\" loading=\"lazy\"\n\t\t\t\t\t\t\tsrc=\"https:\/\/www.google.com\/maps\/embed\/v1\/place?key=AIzaSyBAM2o7PiQqwk15LC1XRH2e_KJ-jUa7KYk&#038;zoom=11&#038;maptype=roadmap&#038;q=QC-117%2C+La+Vall%C3%A9e-de-l%27Or%2C+QC+J0W+2C0\"\n\t\t\t\t\t\t\ttitle=\"Google map of QC-117, La Vall\u00e9e-de-l&#039;Or, QC J0W 2C0\"><\/iframe><\/div><script>function kb_google_map47_cdbcbfb6() { let center = { lat: 37.8201, lng: -122.4781}; let map = new google.maps.Map(document.getElementById(\"kb-google-map47_cdbcbfb6\"), {\n\t\t\t\t\t    zoom: 11,\n\t\t\t\t\t    center: center,});let marker = new google.maps.Marker({   position: { lat: 37.8201, lng: -122.4781},    map: map,  });}<\/script><\/div><\/div>\n\n\n<style>.kadence-column47_e46585-0f > .kt-inside-inner-col{padding-top:var(--global-kb-spacing-xxs, 0.5rem);padding-right:var(--global-kb-spacing-md, 2rem);padding-bottom:0px;padding-left:var(--global-kb-spacing-md, 2rem);}.kadence-column47_e46585-0f > .kt-inside-inner-col,.kadence-column47_e46585-0f > .kt-inside-inner-col:before{border-top-left-radius:5px;border-top-right-radius:5px;border-bottom-right-radius:5px;border-bottom-left-radius:5px;}.kadence-column47_e46585-0f > .kt-inside-inner-col{column-gap:var(--global-kb-gap-sm, 1rem);}.kadence-column47_e46585-0f > .kt-inside-inner-col{flex-direction:column;}.kadence-column47_e46585-0f > .kt-inside-inner-col > .aligncenter{width:100%;}.kadence-column47_e46585-0f > .kt-inside-inner-col{background-color:var(--global-palette8, #F7FAFC);}.kadence-column47_e46585-0f > .kt-inside-inner-col:before{opacity:0.3;}.kadence-column47_e46585-0f{position:relative;}@media all and (max-width: 1024px){.kadence-column47_e46585-0f > .kt-inside-inner-col{flex-direction:column;justify-content:center;}}@media all and (max-width: 767px){.kadence-column47_e46585-0f > .kt-inside-inner-col{flex-direction:column;justify-content:center;}}<\/style>\n<div class=\"wp-block-kadence-column kadence-column47_e46585-0f kb-section-dir-vertical\"><div class=\"kt-inside-inner-col\">\n<p><strong>Adresse:<\/strong> QC-117, La Vall\u00e9e-de-l&rsquo;Or, QC J0W 2C0<\/p>\n\n\n\n<p><strong>T\u00e9l\u00e9phone: <\/strong>819- XXX-XXXX<\/p>\n\n\n\n<p><strong>Email:<\/strong> gaum148@.uqat.com<\/p>\n\n\n\n<p class=\"has-small-font-size\"><strong>Note:<\/strong> Reculer l&rsquo;\u00e9cran de la map sur le botton moins pour voir le point de localisation.<\/p>\n<\/div><\/div>\n\n<\/div><\/div><\/div><\/div>\n\n<\/div><\/div>","protected":false},"excerpt":{"rendered":"<p>Nous Joindre Adresse: QC-117, La Vall\u00e9e-de-l&rsquo;Or, QC J0W 2C0 T\u00e9l\u00e9phone: 819- XXX-XXXX Email: gaum148@.uqat.com Note: Reculer l&rsquo;\u00e9cran de la map sur le botton moins pour voir le point de localisation.<\/p>\n","protected":false},"author":1,"featured_media":0,"parent":0,"menu_order":0,"comment_status":"closed","ping_status":"closed","template":"","meta":{"_kad_post_transparent":"","_kad_post_title":"hide","_kad_post_layout":"","_kad_post_sidebar_id":"","_kad_post_content_style":"","_kad_post_vertical_padding":"","_kad_post_feature":"","_kad_post_feature_position":"","_kad_post_header":false,"_kad_post_footer":false,"_kad_post_classname":"","footnotes":""},"class_list":["post-47","page","type-page","status-publish","hentry"],"yoast_head":"<!-- This site is optimized with the Yoast SEO plugin v27.6 - https:\/\/yoast.com\/product\/yoast-seo-wordpress\/ -->\n<title>Contact - Odyss\u00e9e<\/title>\n<meta name=\"robots\" content=\"index, follow, max-snippet:-1, max-image-preview:large, max-video-preview:-1\" \/>\n<link rel=\"canonical\" href=\"https:\/\/site06.arn1103.uqat.ca\/index.php\/contacte\/\" \/>\n<meta property=\"og:locale\" content=\"fr_CA\" \/>\n<meta property=\"og:type\" content=\"article\" \/>\n<meta property=\"og:title\" content=\"Contact - Odyss\u00e9e\" \/>\n<meta property=\"og:description\" content=\"Nous Joindre Adresse: QC-117, La Vall\u00e9e-de-l&rsquo;Or, QC J0W 2C0 T\u00e9l\u00e9phone: 819- XXX-XXXX Email: gaum148@.uqat.com Note: Reculer l&rsquo;\u00e9cran de la map sur le botton moins pour voir le point de localisation.\" \/>\n<meta property=\"og:url\" content=\"https:\/\/site06.arn1103.uqat.ca\/index.php\/contacte\/\" \/>\n<meta property=\"og:site_name\" content=\"Odyss\u00e9e\" \/>\n<meta property=\"article:modified_time\" content=\"2023-12-13T19:53:00+00:00\" \/>\n<meta name=\"twitter:card\" content=\"summary_large_image\" \/>\n<meta name=\"twitter:label1\" content=\"Estimation du temps de lecture\" \/>\n\t<meta name=\"twitter:data1\" content=\"1 minute\" \/>\n<script type=\"application\/ld+json\" class=\"yoast-schema-graph\">{\"@context\":\"https:\\\/\\\/schema.org\",\"@graph\":[{\"@type\":\"WebPage\",\"@id\":\"https:\\\/\\\/site06.arn1103.uqat.ca\\\/index.php\\\/contacte\\\/\",\"url\":\"https:\\\/\\\/site06.arn1103.uqat.ca\\\/index.php\\\/contacte\\\/\",\"name\":\"Contact - Odyss\u00e9e\",\"isPartOf\":{\"@id\":\"https:\\\/\\\/site06.arn1103.uqat.ca\\\/#website\"},\"datePublished\":\"2023-12-11T16:35:34+00:00\",\"dateModified\":\"2023-12-13T19:53:00+00:00\",\"breadcrumb\":{\"@id\":\"https:\\\/\\\/site06.arn1103.uqat.ca\\\/index.php\\\/contacte\\\/#breadcrumb\"},\"inLanguage\":\"fr-CA\",\"potentialAction\":[{\"@type\":\"ReadAction\",\"target\":[\"https:\\\/\\\/site06.arn1103.uqat.ca\\\/index.php\\\/contacte\\\/\"]}]},{\"@type\":\"BreadcrumbList\",\"@id\":\"https:\\\/\\\/site06.arn1103.uqat.ca\\\/index.php\\\/contacte\\\/#breadcrumb\",\"itemListElement\":[{\"@type\":\"ListItem\",\"position\":1,\"name\":\"Accueil\",\"item\":\"https:\\\/\\\/site06.arn1103.uqat.ca\\\/\"},{\"@type\":\"ListItem\",\"position\":2,\"name\":\"Contact\"}]},{\"@type\":\"WebSite\",\"@id\":\"https:\\\/\\\/site06.arn1103.uqat.ca\\\/#website\",\"url\":\"https:\\\/\\\/site06.arn1103.uqat.ca\\\/\",\"name\":\"Odyss\u00e9e\",\"description\":\"\",\"publisher\":{\"@id\":\"https:\\\/\\\/site06.arn1103.uqat.ca\\\/#organization\"},\"potentialAction\":[{\"@type\":\"SearchAction\",\"target\":{\"@type\":\"EntryPoint\",\"urlTemplate\":\"https:\\\/\\\/site06.arn1103.uqat.ca\\\/?s={search_term_string}\"},\"query-input\":{\"@type\":\"PropertyValueSpecification\",\"valueRequired\":true,\"valueName\":\"search_term_string\"}}],\"inLanguage\":\"fr-CA\"},{\"@type\":\"Organization\",\"@id\":\"https:\\\/\\\/site06.arn1103.uqat.ca\\\/#organization\",\"name\":\"Odyss\u00e9e\",\"url\":\"https:\\\/\\\/site06.arn1103.uqat.ca\\\/\",\"logo\":{\"@type\":\"ImageObject\",\"inLanguage\":\"fr-CA\",\"@id\":\"https:\\\/\\\/site06.arn1103.uqat.ca\\\/#\\\/schema\\\/logo\\\/image\\\/\",\"url\":\"https:\\\/\\\/site06.arn1103.uqat.ca\\\/wp-content\\\/uploads\\\/2023\\\/12\\\/cropped-Logo-Odyssee.png\",\"contentUrl\":\"https:\\\/\\\/site06.arn1103.uqat.ca\\\/wp-content\\\/uploads\\\/2023\\\/12\\\/cropped-Logo-Odyssee.png\",\"width\":2400,\"height\":2400,\"caption\":\"Odyss\u00e9e\"},\"image\":{\"@id\":\"https:\\\/\\\/site06.arn1103.uqat.ca\\\/#\\\/schema\\\/logo\\\/image\\\/\"}}]}<\/script>\n<!-- \/ Yoast SEO plugin. -->","yoast_head_json":{"title":"Contact - Odyss\u00e9e","robots":{"index":"index","follow":"follow","max-snippet":"max-snippet:-1","max-image-preview":"max-image-preview:large","max-video-preview":"max-video-preview:-1"},"canonical":"https:\/\/site06.arn1103.uqat.ca\/index.php\/contacte\/","og_locale":"fr_CA","og_type":"article","og_title":"Contact - Odyss\u00e9e","og_description":"Nous Joindre Adresse: QC-117, La Vall\u00e9e-de-l&rsquo;Or, QC J0W 2C0 T\u00e9l\u00e9phone: 819- XXX-XXXX Email: gaum148@.uqat.com Note: Reculer l&rsquo;\u00e9cran de la map sur le botton moins pour voir le point de localisation.","og_url":"https:\/\/site06.arn1103.uqat.ca\/index.php\/contacte\/","og_site_name":"Odyss\u00e9e","article_modified_time":"2023-12-13T19:53:00+00:00","twitter_card":"summary_large_image","twitter_misc":{"Estimation du temps de lecture":"1 minute"},"schema":{"@context":"https:\/\/schema.org","@graph":[{"@type":"WebPage","@id":"https:\/\/site06.arn1103.uqat.ca\/index.php\/contacte\/","url":"https:\/\/site06.arn1103.uqat.ca\/index.php\/contacte\/","name":"Contact - Odyss\u00e9e","isPartOf":{"@id":"https:\/\/site06.arn1103.uqat.ca\/#website"},"datePublished":"2023-12-11T16:35:34+00:00","dateModified":"2023-12-13T19:53:00+00:00","breadcrumb":{"@id":"https:\/\/site06.arn1103.uqat.ca\/index.php\/contacte\/#breadcrumb"},"inLanguage":"fr-CA","potentialAction":[{"@type":"ReadAction","target":["https:\/\/site06.arn1103.uqat.ca\/index.php\/contacte\/"]}]},{"@type":"BreadcrumbList","@id":"https:\/\/site06.arn1103.uqat.ca\/index.php\/contacte\/#breadcrumb","itemListElement":[{"@type":"ListItem","position":1,"name":"Accueil","item":"https:\/\/site06.arn1103.uqat.ca\/"},{"@type":"ListItem","position":2,"name":"Contact"}]},{"@type":"WebSite","@id":"https:\/\/site06.arn1103.uqat.ca\/#website","url":"https:\/\/site06.arn1103.uqat.ca\/","name":"Odyss\u00e9e","description":"","publisher":{"@id":"https:\/\/site06.arn1103.uqat.ca\/#organization"},"potentialAction":[{"@type":"SearchAction","target":{"@type":"EntryPoint","urlTemplate":"https:\/\/site06.arn1103.uqat.ca\/?s={search_term_string}"},"query-input":{"@type":"PropertyValueSpecification","valueRequired":true,"valueName":"search_term_string"}}],"inLanguage":"fr-CA"},{"@type":"Organization","@id":"https:\/\/site06.arn1103.uqat.ca\/#organization","name":"Odyss\u00e9e","url":"https:\/\/site06.arn1103.uqat.ca\/","logo":{"@type":"ImageObject","inLanguage":"fr-CA","@id":"https:\/\/site06.arn1103.uqat.ca\/#\/schema\/logo\/image\/","url":"https:\/\/site06.arn1103.uqat.ca\/wp-content\/uploads\/2023\/12\/cropped-Logo-Odyssee.png","contentUrl":"https:\/\/site06.arn1103.uqat.ca\/wp-content\/uploads\/2023\/12\/cropped-Logo-Odyssee.png","width":2400,"height":2400,"caption":"Odyss\u00e9e"},"image":{"@id":"https:\/\/site06.arn1103.uqat.ca\/#\/schema\/logo\/image\/"}}]}},"_links":{"self":[{"href":"https:\/\/site06.arn1103.uqat.ca\/index.php\/wp-json\/wp\/v2\/pages\/47","targetHints":{"allow":["GET"]}}],"collection":[{"href":"https:\/\/site06.arn1103.uqat.ca\/index.php\/wp-json\/wp\/v2\/pages"}],"about":[{"href":"https:\/\/site06.arn1103.uqat.ca\/index.php\/wp-json\/wp\/v2\/types\/page"}],"author":[{"embeddable":true,"href":"https:\/\/site06.arn1103.uqat.ca\/index.php\/wp-json\/wp\/v2\/users\/1"}],"replies":[{"embeddable":true,"href":"https:\/\/site06.arn1103.uqat.ca\/index.php\/wp-json\/wp\/v2\/comments?post=47"}],"version-history":[{"count":11,"href":"https:\/\/site06.arn1103.uqat.ca\/index.php\/wp-json\/wp\/v2\/pages\/47\/revisions"}],"predecessor-version":[{"id":174,"href":"https:\/\/site06.arn1103.uqat.ca\/index.php\/wp-json\/wp\/v2\/pages\/47\/revisions\/174"}],"wp:attachment":[{"href":"https:\/\/site06.arn1103.uqat.ca\/index.php\/wp-json\/wp\/v2\/media?parent=47"}],"curies":[{"name":"wp","href":"https:\/\/api.w.org\/{rel}","templated":true}]}}