{"id":10,"date":"2023-12-07T02:30:53","date_gmt":"2023-12-07T02:30:53","guid":{"rendered":"https:\/\/site06.arn1103.uqat.ca\/?page_id=10"},"modified":"2023-12-13T00:03:57","modified_gmt":"2023-12-13T05:03:57","slug":"a-propos","status":"publish","type":"page","link":"https:\/\/site06.arn1103.uqat.ca\/index.php\/a-propos\/","title":{"rendered":"\u00c0 Propos"},"content":{"rendered":"<style>.kb-row-layout-wrap.wp-block-kadence-rowlayout.kb-row-layout-id10_cd9b9a-f0{margin-bottom:var(--global-kb-spacing-3xl, 6.5rem);}.kb-row-layout-id10_cd9b9a-f0 > .kt-row-column-wrap{align-content:start;}:where(.kb-row-layout-id10_cd9b9a-f0 > .kt-row-column-wrap) > .wp-block-kadence-column{justify-content:start;}.kb-row-layout-id10_cd9b9a-f0 > .kt-row-column-wrap{column-gap:var(--global-kb-gap-md, 2rem);row-gap:var(--global-kb-gap-md, 2rem);padding-top:var(--global-kb-spacing-5xl, 10rem);padding-bottom:var(--global-kb-spacing-lg, 3rem);grid-template-columns:minmax(0, 1fr);}.kb-row-layout-id10_cd9b9a-f0{background-image:url('https:\/\/site06.arn1103.uqat.ca\/wp-content\/uploads\/2023\/12\/calm-body-of-water-beside-forest.jpeg');background-size:cover;background-position:16% 43%;background-attachment:scroll;background-repeat:no-repeat;}.kb-row-layout-id10_cd9b9a-f0 > .kt-row-layout-overlay{opacity:0.59;background-color:var(--global-palette4, #2D3748);mix-blend-mode:normal;}@media all and (max-width: 1024px){.kb-row-layout-id10_cd9b9a-f0 > .kt-row-column-wrap{grid-template-columns:minmax(0, 1fr);}}@media all and (max-width: 767px){.kb-row-layout-id10_cd9b9a-f0 > .kt-row-column-wrap{grid-template-columns:minmax(0, 1fr);}}<\/style><div class=\"kb-row-layout-wrap kb-row-layout-id10_cd9b9a-f0 alignfull kt-row-has-bg wp-block-kadence-rowlayout\"><div class=\"kt-row-layout-overlay kt-row-overlay-normal\"><\/div><div class=\"kt-row-column-wrap kt-has-1-columns kt-row-layout-equal kt-tab-layout-inherit kt-mobile-layout-row kt-row-valign-top\">\n<style>.kadence-column10_439c6d-a5 > .kt-inside-inner-col,.kadence-column10_439c6d-a5 > .kt-inside-inner-col:before{border-top-left-radius:0px;border-top-right-radius:0px;border-bottom-right-radius:0px;border-bottom-left-radius:0px;}.kadence-column10_439c6d-a5 > .kt-inside-inner-col{column-gap:var(--global-kb-gap-sm, 1rem);}.kadence-column10_439c6d-a5 > .kt-inside-inner-col{flex-direction:column;}.kadence-column10_439c6d-a5 > .kt-inside-inner-col > .aligncenter{width:100%;}.kadence-column10_439c6d-a5 > .kt-inside-inner-col:before{opacity:0.3;}.kadence-column10_439c6d-a5{position:relative;}@media all and (max-width: 1024px){.kadence-column10_439c6d-a5 > .kt-inside-inner-col{flex-direction:column;justify-content:center;}}@media all and (max-width: 767px){.kadence-column10_439c6d-a5 > .kt-inside-inner-col{flex-direction:column;justify-content:center;}}<\/style>\n<div class=\"wp-block-kadence-column kadence-column10_439c6d-a5\"><div class=\"kt-inside-inner-col\">\n<h1 class=\"wp-block-heading has-theme-palette-9-color has-text-color has-link-color wp-elements-22bd55ee16961dd78d286a193cbc4aa8\" style=\"font-size:55px\">Notre Histoire<\/h1>\n<\/div><\/div>\n\n<\/div><\/div>\n\n\n<p><strong>Une entreprise touristique venue au monde il y a plus de 50 ans et continue toujours d&rsquo;\u00eatre au service de la d\u00e9couverte de la r\u00e9gion de l&rsquo;Abitibi T\u00e9miscamingue. <\/strong><\/p>\n\n\n\n<blockquote class=\"wp-block-quote is-layout-flow wp-block-quote-is-layout-flow\">\n<h2 class=\"wp-block-heading has-medium-font-size\">L&rsquo;origine<\/h2>\n<\/blockquote>\n\n\n\n<p>Cr\u00e9e en 1967, le Parc Odyss\u00e9e a ouvert ses portes au public en 1970. La parc \u00e0 pu voir le jours avec les \u00e9v\u00e8nements aux cours des ann\u00e9es 1060 et 1970. en effet, la provine du Qu\u00e9bec lance les grands projets hydro-\u00e9lectriques dans le moyen nord. D\u00e9couvrant par le fait m\u00eame les grandes richesses naturels qui sont ces nombreux lacs en Abitibi.  Voyant cette caract\u00e9ristique exceptionnel, le fondateur Yve Gauthier, un techniciens du milieu naturel et de la p\u00eache, d\u00e9cide de lancer cette entreprisse.  <\/p>\n\n\n\n<h2 class=\"wp-block-heading has-medium-font-size\">Le Concept d&rsquo;Odyss\u00e9e<\/h2>\n\n\n\n<p>Le parc \u00e0 \u00e9t\u00e9 con\u00e7u avant tout comme un lieu de d\u00e9couverte de la faune marine d&rsquo;Am\u00e9rique du Nord. Puis rapidement comme un attrait touristique pour la r\u00e9gion voulant pr\u00e9sent\u00e9 ses grandioses paysages naturels. Rajoutant au files des ann\u00e9es des activit\u00e9s comme  des excursion la nuit et dans diff\u00e9rente p\u00e9riode saisonal. <\/p>\n","protected":false},"excerpt":{"rendered":"<p>Notre Histoire Une entreprise touristique venue au monde il y a plus de 50 ans et continue toujours d&rsquo;\u00eatre au service de la d\u00e9couverte de la r\u00e9gion de l&rsquo;Abitibi T\u00e9miscamingue. L&rsquo;origine Cr\u00e9e en 1967, le Parc Odyss\u00e9e a ouvert ses portes au public en 1970. La parc \u00e0 pu voir le jours avec les \u00e9v\u00e8nements&#8230;<\/p>\n","protected":false},"author":1,"featured_media":0,"parent":0,"menu_order":0,"comment_status":"closed","ping_status":"closed","template":"","meta":{"_kad_post_transparent":"","_kad_post_title":"hide","_kad_post_layout":"default","_kad_post_sidebar_id":"","_kad_post_content_style":"default","_kad_post_vertical_padding":"","_kad_post_feature":"","_kad_post_feature_position":"","_kad_post_header":false,"_kad_post_footer":false,"_kad_post_classname":"","footnotes":""},"class_list":["post-10","page","type-page","status-publish","hentry"],"yoast_head":"<!-- This site is optimized with the Yoast SEO plugin v27.6 - https:\/\/yoast.com\/product\/yoast-seo-wordpress\/ -->\n<title>\u00c0 Propos - Odyss\u00e9e<\/title>\n<meta name=\"robots\" content=\"index, follow, max-snippet:-1, max-image-preview:large, max-video-preview:-1\" \/>\n<link rel=\"canonical\" href=\"https:\/\/site06.arn1103.uqat.ca\/index.php\/a-propos\/\" \/>\n<meta property=\"og:locale\" content=\"fr_CA\" \/>\n<meta property=\"og:type\" content=\"article\" \/>\n<meta property=\"og:title\" content=\"\u00c0 Propos - Odyss\u00e9e\" \/>\n<meta property=\"og:description\" content=\"Notre Histoire Une entreprise touristique venue au monde il y a plus de 50 ans et continue toujours d&rsquo;\u00eatre au service de la d\u00e9couverte de la r\u00e9gion de l&rsquo;Abitibi T\u00e9miscamingue. L&rsquo;origine Cr\u00e9e en 1967, le Parc Odyss\u00e9e a ouvert ses portes au public en 1970. La parc \u00e0 pu voir le jours avec les \u00e9v\u00e8nements...\" \/>\n<meta property=\"og:url\" content=\"https:\/\/site06.arn1103.uqat.ca\/index.php\/a-propos\/\" \/>\n<meta property=\"og:site_name\" content=\"Odyss\u00e9e\" \/>\n<meta property=\"article:modified_time\" content=\"2023-12-13T05:03:57+00:00\" \/>\n<meta name=\"twitter:card\" content=\"summary_large_image\" \/>\n<meta name=\"twitter:label1\" content=\"Estimation du temps de lecture\" \/>\n\t<meta name=\"twitter:data1\" content=\"1 minute\" \/>\n<script type=\"application\/ld+json\" class=\"yoast-schema-graph\">{\"@context\":\"https:\\\/\\\/schema.org\",\"@graph\":[{\"@type\":\"WebPage\",\"@id\":\"https:\\\/\\\/site06.arn1103.uqat.ca\\\/index.php\\\/a-propos\\\/\",\"url\":\"https:\\\/\\\/site06.arn1103.uqat.ca\\\/index.php\\\/a-propos\\\/\",\"name\":\"\u00c0 Propos - Odyss\u00e9e\",\"isPartOf\":{\"@id\":\"https:\\\/\\\/site06.arn1103.uqat.ca\\\/#website\"},\"datePublished\":\"2023-12-07T02:30:53+00:00\",\"dateModified\":\"2023-12-13T05:03:57+00:00\",\"breadcrumb\":{\"@id\":\"https:\\\/\\\/site06.arn1103.uqat.ca\\\/index.php\\\/a-propos\\\/#breadcrumb\"},\"inLanguage\":\"fr-CA\",\"potentialAction\":[{\"@type\":\"ReadAction\",\"target\":[\"https:\\\/\\\/site06.arn1103.uqat.ca\\\/index.php\\\/a-propos\\\/\"]}]},{\"@type\":\"BreadcrumbList\",\"@id\":\"https:\\\/\\\/site06.arn1103.uqat.ca\\\/index.php\\\/a-propos\\\/#breadcrumb\",\"itemListElement\":[{\"@type\":\"ListItem\",\"position\":1,\"name\":\"Accueil\",\"item\":\"https:\\\/\\\/site06.arn1103.uqat.ca\\\/\"},{\"@type\":\"ListItem\",\"position\":2,\"name\":\"\u00c0 Propos\"}]},{\"@type\":\"WebSite\",\"@id\":\"https:\\\/\\\/site06.arn1103.uqat.ca\\\/#website\",\"url\":\"https:\\\/\\\/site06.arn1103.uqat.ca\\\/\",\"name\":\"Odyss\u00e9e\",\"description\":\"\",\"publisher\":{\"@id\":\"https:\\\/\\\/site06.arn1103.uqat.ca\\\/#organization\"},\"potentialAction\":[{\"@type\":\"SearchAction\",\"target\":{\"@type\":\"EntryPoint\",\"urlTemplate\":\"https:\\\/\\\/site06.arn1103.uqat.ca\\\/?s={search_term_string}\"},\"query-input\":{\"@type\":\"PropertyValueSpecification\",\"valueRequired\":true,\"valueName\":\"search_term_string\"}}],\"inLanguage\":\"fr-CA\"},{\"@type\":\"Organization\",\"@id\":\"https:\\\/\\\/site06.arn1103.uqat.ca\\\/#organization\",\"name\":\"Odyss\u00e9e\",\"url\":\"https:\\\/\\\/site06.arn1103.uqat.ca\\\/\",\"logo\":{\"@type\":\"ImageObject\",\"inLanguage\":\"fr-CA\",\"@id\":\"https:\\\/\\\/site06.arn1103.uqat.ca\\\/#\\\/schema\\\/logo\\\/image\\\/\",\"url\":\"https:\\\/\\\/site06.arn1103.uqat.ca\\\/wp-content\\\/uploads\\\/2023\\\/12\\\/cropped-Logo-Odyssee.png\",\"contentUrl\":\"https:\\\/\\\/site06.arn1103.uqat.ca\\\/wp-content\\\/uploads\\\/2023\\\/12\\\/cropped-Logo-Odyssee.png\",\"width\":2400,\"height\":2400,\"caption\":\"Odyss\u00e9e\"},\"image\":{\"@id\":\"https:\\\/\\\/site06.arn1103.uqat.ca\\\/#\\\/schema\\\/logo\\\/image\\\/\"}}]}<\/script>\n<!-- \/ Yoast SEO plugin. -->","yoast_head_json":{"title":"\u00c0 Propos - Odyss\u00e9e","robots":{"index":"index","follow":"follow","max-snippet":"max-snippet:-1","max-image-preview":"max-image-preview:large","max-video-preview":"max-video-preview:-1"},"canonical":"https:\/\/site06.arn1103.uqat.ca\/index.php\/a-propos\/","og_locale":"fr_CA","og_type":"article","og_title":"\u00c0 Propos - Odyss\u00e9e","og_description":"Notre Histoire Une entreprise touristique venue au monde il y a plus de 50 ans et continue toujours d&rsquo;\u00eatre au service de la d\u00e9couverte de la r\u00e9gion de l&rsquo;Abitibi T\u00e9miscamingue. L&rsquo;origine Cr\u00e9e en 1967, le Parc Odyss\u00e9e a ouvert ses portes au public en 1970. La parc \u00e0 pu voir le jours avec les \u00e9v\u00e8nements...","og_url":"https:\/\/site06.arn1103.uqat.ca\/index.php\/a-propos\/","og_site_name":"Odyss\u00e9e","article_modified_time":"2023-12-13T05:03:57+00:00","twitter_card":"summary_large_image","twitter_misc":{"Estimation du temps de lecture":"1 minute"},"schema":{"@context":"https:\/\/schema.org","@graph":[{"@type":"WebPage","@id":"https:\/\/site06.arn1103.uqat.ca\/index.php\/a-propos\/","url":"https:\/\/site06.arn1103.uqat.ca\/index.php\/a-propos\/","name":"\u00c0 Propos - Odyss\u00e9e","isPartOf":{"@id":"https:\/\/site06.arn1103.uqat.ca\/#website"},"datePublished":"2023-12-07T02:30:53+00:00","dateModified":"2023-12-13T05:03:57+00:00","breadcrumb":{"@id":"https:\/\/site06.arn1103.uqat.ca\/index.php\/a-propos\/#breadcrumb"},"inLanguage":"fr-CA","potentialAction":[{"@type":"ReadAction","target":["https:\/\/site06.arn1103.uqat.ca\/index.php\/a-propos\/"]}]},{"@type":"BreadcrumbList","@id":"https:\/\/site06.arn1103.uqat.ca\/index.php\/a-propos\/#breadcrumb","itemListElement":[{"@type":"ListItem","position":1,"name":"Accueil","item":"https:\/\/site06.arn1103.uqat.ca\/"},{"@type":"ListItem","position":2,"name":"\u00c0 Propos"}]},{"@type":"WebSite","@id":"https:\/\/site06.arn1103.uqat.ca\/#website","url":"https:\/\/site06.arn1103.uqat.ca\/","name":"Odyss\u00e9e","description":"","publisher":{"@id":"https:\/\/site06.arn1103.uqat.ca\/#organization"},"potentialAction":[{"@type":"SearchAction","target":{"@type":"EntryPoint","urlTemplate":"https:\/\/site06.arn1103.uqat.ca\/?s={search_term_string}"},"query-input":{"@type":"PropertyValueSpecification","valueRequired":true,"valueName":"search_term_string"}}],"inLanguage":"fr-CA"},{"@type":"Organization","@id":"https:\/\/site06.arn1103.uqat.ca\/#organization","name":"Odyss\u00e9e","url":"https:\/\/site06.arn1103.uqat.ca\/","logo":{"@type":"ImageObject","inLanguage":"fr-CA","@id":"https:\/\/site06.arn1103.uqat.ca\/#\/schema\/logo\/image\/","url":"https:\/\/site06.arn1103.uqat.ca\/wp-content\/uploads\/2023\/12\/cropped-Logo-Odyssee.png","contentUrl":"https:\/\/site06.arn1103.uqat.ca\/wp-content\/uploads\/2023\/12\/cropped-Logo-Odyssee.png","width":2400,"height":2400,"caption":"Odyss\u00e9e"},"image":{"@id":"https:\/\/site06.arn1103.uqat.ca\/#\/schema\/logo\/image\/"}}]}},"_links":{"self":[{"href":"https:\/\/site06.arn1103.uqat.ca\/index.php\/wp-json\/wp\/v2\/pages\/10","targetHints":{"allow":["GET"]}}],"collection":[{"href":"https:\/\/site06.arn1103.uqat.ca\/index.php\/wp-json\/wp\/v2\/pages"}],"about":[{"href":"https:\/\/site06.arn1103.uqat.ca\/index.php\/wp-json\/wp\/v2\/types\/page"}],"author":[{"embeddable":true,"href":"https:\/\/site06.arn1103.uqat.ca\/index.php\/wp-json\/wp\/v2\/users\/1"}],"replies":[{"embeddable":true,"href":"https:\/\/site06.arn1103.uqat.ca\/index.php\/wp-json\/wp\/v2\/comments?post=10"}],"version-history":[{"count":13,"href":"https:\/\/site06.arn1103.uqat.ca\/index.php\/wp-json\/wp\/v2\/pages\/10\/revisions"}],"predecessor-version":[{"id":94,"href":"https:\/\/site06.arn1103.uqat.ca\/index.php\/wp-json\/wp\/v2\/pages\/10\/revisions\/94"}],"wp:attachment":[{"href":"https:\/\/site06.arn1103.uqat.ca\/index.php\/wp-json\/wp\/v2\/media?parent=10"}],"curies":[{"name":"wp","href":"https:\/\/api.w.org\/{rel}","templated":true}]}}